{"id":57,"date":"2016-05-10T07:55:17","date_gmt":"2016-05-10T07:55:17","guid":{"rendered":"http:\/\/www.fpk.lu\/?page_id=57"},"modified":"2022-09-01T08:59:01","modified_gmt":"2022-09-01T08:59:01","slug":"expertise-comptable","status":"publish","type":"page","link":"https:\/\/www.fpk.lu\/?page_id=57","title":{"rendered":"Expertise comptable"},"content":{"rendered":"<p><img loading=\"lazy\" class=\"alignnone wp-image-238 size-full\" src=\"http:\/\/www.fpk.lu\/wp-content\/uploads\/2022\/09\/expertcomptable_2-1.jpg\" alt=\"\" width=\"959\" height=\"223\" srcset=\"https:\/\/www.fpk.lu\/wp-content\/uploads\/2022\/09\/expertcomptable_2-1.jpg 959w, https:\/\/www.fpk.lu\/wp-content\/uploads\/2022\/09\/expertcomptable_2-1-300x70.jpg 300w, https:\/\/www.fpk.lu\/wp-content\/uploads\/2022\/09\/expertcomptable_2-1-768x179.jpg 768w\" sizes=\"(max-width: 959px) 100vw, 959px\" \/><\/p>\n<p><strong><em>Les principaux services prest\u00e9s au niveau de l&#8217;expertise comptable sont:<\/em><\/strong><\/p>\n<ul>\n<li style=\"list-style-type: none;\">\n<ul>\n<li style=\"list-style-type: none;\">\n<ul>\n<li>Organisation, appr\u00e9ciation et redressement des comptabilit\u00e9s et les comptes de toute nature,<\/li>\n<li>Etablissement des comptes annuels,<\/li>\n<li>Analyse de la situation et le fonctionnement des entreprises et organismes sous leurs diff\u00e9rents aspects \u00e9conomiques et financiers,<\/li>\n<li>Organisation et tenue de la comptabilit\u00e9 g\u00e9n\u00e9rale,<\/li>\n<li>Organisation de la comptabilit\u00e9 analytique et la mise en \u0153uvre de tableaux de bord (mensuels, trimestriels ou annuels).<\/li>\n<\/ul>\n<\/li>\n<\/ul>\n<\/li>\n<\/ul>\n<p>Le but recherch\u00e9 par nos clients est l&#8217;assurance de pouvoir se consacrer enti\u00e8rement au d\u00e9veloppement de leurs propres activit\u00e9s et de b\u00e9n\u00e9ficier de partenaires exp\u00e9riment\u00e9s et fiables au niveau de la gestion administrative et comptable.<\/p>\n<p>&nbsp;<\/p>\n<p>&nbsp;<\/p>\n<p>&nbsp;<\/p>\n<p>&nbsp;<\/p>\n","protected":false},"excerpt":{"rendered":"<p>Les principaux services prest\u00e9s au niveau de l&#8217;expertise comptable sont: Organisation, appr\u00e9ciation et redressement des comptabilit\u00e9s et les comptes de toute nature, Etablissement des comptes annuels, Analyse de la situation et le fonctionnement des entreprises et organismes sous leurs diff\u00e9rents aspects \u00e9conomiques et financiers, Organisation et tenue de la comptabilit\u00e9 g\u00e9n\u00e9rale, Organisation de la comptabilit\u00e9 [&hellip;]<\/p>\n","protected":false},"author":3,"featured_media":0,"parent":0,"menu_order":0,"comment_status":"closed","ping_status":"closed","template":"","meta":[],"_links":{"self":[{"href":"https:\/\/www.fpk.lu\/index.php?rest_route=\/wp\/v2\/pages\/57"}],"collection":[{"href":"https:\/\/www.fpk.lu\/index.php?rest_route=\/wp\/v2\/pages"}],"about":[{"href":"https:\/\/www.fpk.lu\/index.php?rest_route=\/wp\/v2\/types\/page"}],"author":[{"embeddable":true,"href":"https:\/\/www.fpk.lu\/index.php?rest_route=\/wp\/v2\/users\/3"}],"replies":[{"embeddable":true,"href":"https:\/\/www.fpk.lu\/index.php?rest_route=%2Fwp%2Fv2%2Fcomments&post=57"}],"version-history":[{"count":9,"href":"https:\/\/www.fpk.lu\/index.php?rest_route=\/wp\/v2\/pages\/57\/revisions"}],"predecessor-version":[{"id":240,"href":"https:\/\/www.fpk.lu\/index.php?rest_route=\/wp\/v2\/pages\/57\/revisions\/240"}],"wp:attachment":[{"href":"https:\/\/www.fpk.lu\/index.php?rest_route=%2Fwp%2Fv2%2Fmedia&parent=57"}],"curies":[{"name":"wp","href":"https:\/\/api.w.org\/{rel}","templated":true}]}}