{"id":39,"date":"2016-05-10T07:26:53","date_gmt":"2016-05-10T07:26:53","guid":{"rendered":"http:\/\/www.fpk.lu\/?page_id=39"},"modified":"2022-09-01T09:01:14","modified_gmt":"2022-09-01T09:01:14","slug":"service-social","status":"publish","type":"page","link":"https:\/\/www.fpk.lu\/?page_id=39","title":{"rendered":"Service social"},"content":{"rendered":"<p><strong><em><img loading=\"lazy\" class=\"alignnone wp-image-243 size-full\" src=\"http:\/\/www.fpk.lu\/wp-content\/uploads\/2022\/09\/servicesocial_2.jpg\" alt=\"\" width=\"959\" height=\"223\" srcset=\"https:\/\/www.fpk.lu\/wp-content\/uploads\/2022\/09\/servicesocial_2.jpg 959w, https:\/\/www.fpk.lu\/wp-content\/uploads\/2022\/09\/servicesocial_2-300x70.jpg 300w, https:\/\/www.fpk.lu\/wp-content\/uploads\/2022\/09\/servicesocial_2-768x179.jpg 768w\" sizes=\"(max-width: 959px) 100vw, 959px\" \/><\/em><\/strong><\/p>\n<p>&nbsp;<\/p>\n<p><em>Notre Secr\u00e9tariat Social met \u00e0 disposition de sa client\u00e8le tout son savoir-faire et son professionnalisme dans la gestion des t\u00e2ches salariales, qu\u2019il s\u2019agisse de PME ou de PMI, d\u2019organismes para\u00e9tatiques ou de tout professionnel luxembourgeois.<\/em><\/p>\n<p>&nbsp;<\/p>\n<p><strong><em>Nos services en mati\u00e8re de secr\u00e9tariat social comprennent:<\/em><\/strong><\/p>\n<ul>\n<li>Calcul des d\u00e9comptes de r\u00e9mun\u00e9ration<\/li>\n<li>Gestion des paiements<\/li>\n<li>Gestion et v\u00e9rification des remboursements maladie par la mutualit\u00e9 des employeurs<\/li>\n<li>\u00c9tablissement des d\u00e9comptes annuels et des certificats de r\u00e9mun\u00e9ration<\/li>\n<li>\u00c9tablissement des contrats de travail<\/li>\n<li>Demande en \u00e9tablissement d&#8217;une fiche de retenue pour\u00a0 non-r\u00e9sidents<\/li>\n<li>Attestation patronale pour l&#8217;administration de l&#8217;emploi<\/li>\n<li>Formalit\u00e9s \u00e0 remplir pour les prestations de ch\u00f4mage<\/li>\n<li>Pr\u00e9paration des informations statistiques<\/li>\n<\/ul>\n<p>FPK effectue les d\u00e9comptes et accomplit \u00a0les formalit\u00e9s administratives avec les organismes de la s\u00e9curit\u00e9 sociale et \u00a0l&#8217;administration des contributions.<\/p>\n","protected":false},"excerpt":{"rendered":"<p>&nbsp; Notre Secr\u00e9tariat Social met \u00e0 disposition de sa client\u00e8le tout son savoir-faire et son professionnalisme dans la gestion des t\u00e2ches salariales, qu\u2019il s\u2019agisse de PME ou de PMI, d\u2019organismes para\u00e9tatiques ou de tout professionnel luxembourgeois. &nbsp; Nos services en mati\u00e8re de secr\u00e9tariat social comprennent: Calcul des d\u00e9comptes de r\u00e9mun\u00e9ration Gestion des paiements Gestion et [&hellip;]<\/p>\n","protected":false},"author":3,"featured_media":0,"parent":0,"menu_order":0,"comment_status":"closed","ping_status":"closed","template":"","meta":[],"_links":{"self":[{"href":"https:\/\/www.fpk.lu\/index.php?rest_route=\/wp\/v2\/pages\/39"}],"collection":[{"href":"https:\/\/www.fpk.lu\/index.php?rest_route=\/wp\/v2\/pages"}],"about":[{"href":"https:\/\/www.fpk.lu\/index.php?rest_route=\/wp\/v2\/types\/page"}],"author":[{"embeddable":true,"href":"https:\/\/www.fpk.lu\/index.php?rest_route=\/wp\/v2\/users\/3"}],"replies":[{"embeddable":true,"href":"https:\/\/www.fpk.lu\/index.php?rest_route=%2Fwp%2Fv2%2Fcomments&post=39"}],"version-history":[{"count":10,"href":"https:\/\/www.fpk.lu\/index.php?rest_route=\/wp\/v2\/pages\/39\/revisions"}],"predecessor-version":[{"id":244,"href":"https:\/\/www.fpk.lu\/index.php?rest_route=\/wp\/v2\/pages\/39\/revisions\/244"}],"wp:attachment":[{"href":"https:\/\/www.fpk.lu\/index.php?rest_route=%2Fwp%2Fv2%2Fmedia&parent=39"}],"curies":[{"name":"wp","href":"https:\/\/api.w.org\/{rel}","templated":true}]}}