{"id":185,"date":"2016-09-20T08:55:06","date_gmt":"2016-09-20T08:55:06","guid":{"rendered":"http:\/\/www.fpk.lu\/?page_id=185"},"modified":"2017-05-08T07:21:17","modified_gmt":"2017-05-08T07:21:17","slug":"recrutement","status":"publish","type":"page","link":"https:\/\/www.fpk.lu\/?page_id=185","title":{"rendered":"Recrutement"},"content":{"rendered":"<p><strong>Comptable Junior<\/strong><\/p>\n<p><strong>Votre mission :<\/strong><\/p>\n<p>Vous travaillerez avec un comptable confirm\u00e9 pour l\u2019assister dans la tenue de la comptabilit\u00e9 d\u2019un portefeuille de soci\u00e9t\u00e9s, l\u2019\u00e9tablissement de leurs comptes annuels et la tenue de leur dossier fiscal.<\/p>\n<p><strong>Votre profil :<\/strong><\/p>\n<ul>\n<li>D\u00e9tenteur d\u2019un dipl\u00f4me de niveau 13eme Commerce &amp; Gestion ou BTS en comptabilit\u00e9;<\/li>\n<li>Travail autonome et esprit d\u2019\u00e9quipe, dynamisme et rigueur professionnelle;<\/li>\n<li>Ma\u00eetrise des logiciels Word, Excel et logiciels comptables;<\/li>\n<li>Ma\u00eetrise des langues luxembourgeoise et fran\u00e7aise indispensable, celle de l\u2019allemand ou du portugais constituant un atout.<\/li>\n<\/ul>\n<p>Nous vous offrons un travail diversifi\u00e9 et int\u00e9ressant dans une \u00e9quipe de taille humaine, des possibilit\u00e9s de formation continue, une r\u00e9mun\u00e9ration attrayante et un cadre de travail agr\u00e9able au sein d\u2019une \u00e9quipe jeune et dynamique.<\/p>\n<p>Veuillez envoyer votre lettre de motivation, accompagn\u00e9e de votre curriculum vitae et d\u2019une photo r\u00e9cente \u00e0 :<\/p>\n<p><a href=\"mailto:recrutement@fpk.lu\">recrutement@fpk.lu<\/a><\/p>\n<p>&nbsp;<\/p>\n<p><strong>Comptable senior<\/strong><\/p>\n<p><strong>Votre mission:<\/strong><\/p>\n<p>Vous aurez pour mission la gestion courante et la supervision d\u2019un portefeuille de soci\u00e9t\u00e9s financi\u00e8res et commerciales, tant au niveau administratif, comptable, l\u00e9gal que fiscal.<\/p>\n<p><strong>Votre profil:<\/strong><\/p>\n<ul>\n<li>Connaissance de l\u2019environnement comptable et fiscal luxembourgeois<\/li>\n<li>Ma\u00eetrise des outils informatiques MS Office<\/li>\n<li>Ma\u00eetrise du logiciel comptable Sage BOB<\/li>\n<li>Ma\u00eetrise des langues luxembourgeoise et fran\u00e7aise indispensable, celle de l\u2019allemand ou du portugais constituant un atout.<\/li>\n<li>Niveau d\u2019\u00e9tudes minimum BAC+2, orientation comptable et fiscale<\/li>\n<li>Exp\u00e9rience d\u2019au moins 2 ans en fiduciaire au Luxembourg<\/li>\n<\/ul>\n<p>&nbsp;<\/p>\n<p>Veuillez envoyer votre lettre de motivation, accompagn\u00e9e de votre curriculum vitae et d\u2019une photo r\u00e9cente \u00e0 :<\/p>\n<p><a href=\"mailto:recrutement@fpk.lu\">recrutement@fpk.lu<\/a><\/p>\n<p><strong>\u00a0<\/strong><\/p>\n<p>&nbsp;<\/p>\n","protected":false},"excerpt":{"rendered":"<p>Comptable Junior Votre mission : Vous travaillerez avec un comptable confirm\u00e9 pour l\u2019assister dans la tenue de la comptabilit\u00e9 d\u2019un portefeuille de soci\u00e9t\u00e9s, l\u2019\u00e9tablissement de leurs comptes annuels et la tenue de leur dossier fiscal. Votre profil : D\u00e9tenteur d\u2019un dipl\u00f4me de niveau 13eme Commerce &amp; Gestion ou BTS en comptabilit\u00e9; Travail autonome et esprit [&hellip;]<\/p>\n","protected":false},"author":4,"featured_media":0,"parent":0,"menu_order":0,"comment_status":"closed","ping_status":"closed","template":"","meta":[],"_links":{"self":[{"href":"https:\/\/www.fpk.lu\/index.php?rest_route=\/wp\/v2\/pages\/185"}],"collection":[{"href":"https:\/\/www.fpk.lu\/index.php?rest_route=\/wp\/v2\/pages"}],"about":[{"href":"https:\/\/www.fpk.lu\/index.php?rest_route=\/wp\/v2\/types\/page"}],"author":[{"embeddable":true,"href":"https:\/\/www.fpk.lu\/index.php?rest_route=\/wp\/v2\/users\/4"}],"replies":[{"embeddable":true,"href":"https:\/\/www.fpk.lu\/index.php?rest_route=%2Fwp%2Fv2%2Fcomments&post=185"}],"version-history":[{"count":4,"href":"https:\/\/www.fpk.lu\/index.php?rest_route=\/wp\/v2\/pages\/185\/revisions"}],"predecessor-version":[{"id":225,"href":"https:\/\/www.fpk.lu\/index.php?rest_route=\/wp\/v2\/pages\/185\/revisions\/225"}],"wp:attachment":[{"href":"https:\/\/www.fpk.lu\/index.php?rest_route=%2Fwp%2Fv2%2Fmedia&parent=185"}],"curies":[{"name":"wp","href":"https:\/\/api.w.org\/{rel}","templated":true}]}}