{"id":167,"date":"2016-09-13T10:26:43","date_gmt":"2016-09-13T10:26:43","guid":{"rendered":"http:\/\/www.fpk.lu\/?page_id=167"},"modified":"2016-09-13T10:27:18","modified_gmt":"2016-09-13T10:27:18","slug":"historique","status":"publish","type":"page","link":"https:\/\/www.fpk.lu\/?page_id=167","title":{"rendered":"Historique"},"content":{"rendered":"<p class=\"p1\"><span class=\"s1\">En 1986, apr\u00e8s une premi\u00e8re exp\u00e9rience comme comptable dans une grande entreprise industrielle, Monsieur Pierre Kraus s\u2019est install\u00e9 en tant que comptable-ind\u00e9pendant \u00e0 Mersch. Suite \u00e0 une croissance du portefeuille clients le premier employ\u00e9 de la Fiduciaire fut engag\u00e9 en 1990.<\/span><\/p>\n<p class=\"p1\"><span class=\"s1\">L\u2019ann\u00e9e 2009 \u00e9tait une ann\u00e9e tr\u00e8s marquante pour la Fiduciaire\u00a0: la d\u00e9cision de s\u2019agrandir a \u00e9t\u00e9 prise et lan\u00e7ait la construction d\u2019une extension avec plusieurs bureaux et salles de conf\u00e9rences.<\/span><\/p>\n<p class=\"p1\"><span class=\"s1\">De plus, deux employ\u00e9s, Madame Fr\u00e8res et Monsieur Banasiewicz, ont rejoint Monsieur Kraus en tant que associ\u00e9s de la nouvelle soci\u00e9t\u00e9 \u00ab\u00a0Pierre Kraus &amp; Associ\u00e9s S.\u00e0.r.l.\u00a0\u00bb.<\/span><\/p>\n<p class=\"p1\"><span class=\"s1\">D\u00e9but 2013, Monsieur Michel Kraus, a renforc\u00e9 l\u2019\u00e9quipe de la Fiduciaire en tant que expert-comptable. Il a acquis une exp\u00e9rience solide dans le d\u00e9partement fiscal ainsi que dans le domaine du conseil \u00e9conomique aupr\u00e8s d\u2019une des \u00ab\u00a0Big 4\u00a0\u00bb, soci\u00e9t\u00e9s les plus reconnues en mati\u00e8re de comptabilit\u00e9 et fiscalit\u00e9 au plan national aussi bien qu\u2019au niveau international.<\/span><\/p>\n<p class=\"p1\"><span class=\"s1\">Aujourd\u2019hui la Fiduciaire compte un effectif d\u2019une dizaine d\u2019employ\u00e9s.<\/span><\/p>\n<p class=\"p2\"><span class=\"s1\">L\u2019honn\u00eat\u00e9, l\u2019int\u00e9grit\u00e9, la qualit\u00e9, le respect et la responsabilit\u00e9 sont des valeurs qui se refl\u00e8tent au quotidien dans les relations que notre cabinet entretient avec son personnel et ses clients.<\/span><\/p>\n","protected":false},"excerpt":{"rendered":"<p>En 1986, apr\u00e8s une premi\u00e8re exp\u00e9rience comme comptable dans une grande entreprise industrielle, Monsieur Pierre Kraus s\u2019est install\u00e9 en tant que comptable-ind\u00e9pendant \u00e0 Mersch. Suite \u00e0 une croissance du portefeuille clients le premier employ\u00e9 de la Fiduciaire fut engag\u00e9 en 1990. L\u2019ann\u00e9e 2009 \u00e9tait une ann\u00e9e tr\u00e8s marquante pour la Fiduciaire\u00a0: la d\u00e9cision de s\u2019agrandir [&hellip;]<\/p>\n","protected":false},"author":4,"featured_media":0,"parent":0,"menu_order":0,"comment_status":"closed","ping_status":"closed","template":"","meta":[],"_links":{"self":[{"href":"https:\/\/www.fpk.lu\/index.php?rest_route=\/wp\/v2\/pages\/167"}],"collection":[{"href":"https:\/\/www.fpk.lu\/index.php?rest_route=\/wp\/v2\/pages"}],"about":[{"href":"https:\/\/www.fpk.lu\/index.php?rest_route=\/wp\/v2\/types\/page"}],"author":[{"embeddable":true,"href":"https:\/\/www.fpk.lu\/index.php?rest_route=\/wp\/v2\/users\/4"}],"replies":[{"embeddable":true,"href":"https:\/\/www.fpk.lu\/index.php?rest_route=%2Fwp%2Fv2%2Fcomments&post=167"}],"version-history":[{"count":2,"href":"https:\/\/www.fpk.lu\/index.php?rest_route=\/wp\/v2\/pages\/167\/revisions"}],"predecessor-version":[{"id":170,"href":"https:\/\/www.fpk.lu\/index.php?rest_route=\/wp\/v2\/pages\/167\/revisions\/170"}],"wp:attachment":[{"href":"https:\/\/www.fpk.lu\/index.php?rest_route=%2Fwp%2Fv2%2Fmedia&parent=167"}],"curies":[{"name":"wp","href":"https:\/\/api.w.org\/{rel}","templated":true}]}}